{"id":12054,"date":"2020-07-15T21:26:32","date_gmt":"2020-07-15T21:26:32","guid":{"rendered":"http:\/\/matildatorres.wpengine.com\/?page_id=12054"},"modified":"2025-06-25T08:29:43","modified_gmt":"2025-06-25T15:29:43","slug":"the-principals-message","status":"publish","type":"page","link":"https:\/\/torres.maderausd.org\/es\/the-principals-message\/","title":{"rendered":"The Principal&#8217;s Message"},"content":{"rendered":"<div data-elementor-type=\"wp-page\" data-elementor-id=\"12054\" class=\"elementor elementor-12054\" data-elementor-post-type=\"page\">\n\t\t\t\t<div class=\"elementor-element elementor-element-bd55ce6 e-con-full e-flex e-con e-parent\" data-id=\"bd55ce6\" data-element_type=\"container\" data-e-type=\"container\" data-settings=\"{&quot;background_background&quot;:&quot;classic&quot;}\">\n\t\t<div class=\"elementor-element elementor-element-49dcc56 e-flex e-con-boxed elementor-invisible e-con e-child\" data-id=\"49dcc56\" data-element_type=\"container\" data-e-type=\"container\" data-settings=\"{&quot;background_background&quot;:&quot;classic&quot;,&quot;animation&quot;:&quot;fadeIn&quot;}\">\n\t\t\t\t\t<div class=\"e-con-inner\">\n\t\t<div class=\"elementor-element elementor-element-a5a1805 e-con-full e-flex e-con e-child\" data-id=\"a5a1805\" data-element_type=\"container\" data-e-type=\"container\" data-settings=\"{&quot;animation&quot;:&quot;none&quot;}\">\n\t\t\t\t<div class=\"elementor-element elementor-element-74ace27 elementor-widget__width-inherit elementor-invisible elementor-widget elementor-widget-premium-divider\" data-id=\"74ace27\" data-element_type=\"widget\" data-e-type=\"widget\" data-settings=\"{&quot;_animation&quot;:&quot;zoomIn&quot;}\" data-widget_type=\"premium-divider.default\">\n\t\t\t\t\t\r\n\t\t<div class=\"premium-bordered-top premium-separator-container premium-separator-solid\" data-settings=\"solid\">\r\n\t\t\t<div class=\"premium-separator-wrapper\">\r\n\t\t\t\t<div class=\"premium-separator-wrapper-separator\">\r\n\t\t\t\t\t<div class=\"premium-separator-wrapper-separator-divider\">\r\n\t\t\t\t\t\t<div class=\"premium-separator-inner\">\r\n\t\t\t\t\t\t\t\r\n\t\t\t\t\t\t\t\t<div class=\"premium-separator-content-wrapper\">\r\n\t\t\t\t\t\t\t\t\t\t\t\t\t\t\t\t\t\t\t<div class=\"premium-separator-divider-left premium-separator-left-side premium-svg-nodraw\">\r\n\t\t\t\t\t\t\t\t\t\t\t\t\t\t\t\t\t\t\t\t\t<\/div>\r\n\t\t\t\t\t\t\t\t\t\r\n\t\t\t\t\t\t\t\t\t\t\t\t\t\t\t\t\t\t\t<div class=\"premium-separator-icon-container\">\r\n\r\n\t\t\t\t\t\t\t\t\t\t\t\t\t\t\t\t\t\t\t\t\t\t\t<div class=\"premium-separator-icon-wrap premium-separator-text-icon\">\r\n\t\t\t\t\t\t\t\t\t\t\t\t\t<h1 class=\"premium-separator-icon-text\">\r\n\t\t\t\t\t\t\t\t\t\t\t\t\t\tMensaje del Directora\t\t\t\t\t\t\t\t\t\t\t\t\t<\/h1>\r\n\r\n\t\t\t\t\t\t\t\t\t\t\t\t<\/div>\r\n\t\t\t\t\t\t\t\t\t\t\t\r\n\t\t\t\t\t\t\t\t\t\t\t\t\t\t\t\t\t\t\t\t\t\t\t<div ><\/div>\r\n\t\t\t\t\t\t\t\t\t\t\t\t\t\t\t\t\t\t\t\t\t<\/div>\r\n\t\t\t\t\t\t\t\t\t\r\n\t\t\t\t\t\t\t\t\t\t\t\t\t\t\t\t\t\t\t<div class=\"premium-separator-divider-right premium-separator-right-side premium-svg-nodraw\">\r\n\t\t\t\t\t\t\t\t\t\t\t\t\t\t\t\t\t\t\t\t\t<\/div>\r\n\t\t\t\t\t\t\t\t\t\t\t\t\t\t\t\t\t<\/div>\r\n\r\n\t\t\t\t\t\t\t\r\n\t\t\t\t\t\t\t<\/div>\r\n\r\n\t\t\t\t\t\t<\/div>\r\n\r\n\t\t\t\t<\/div>\r\n\r\n\t\t\t\t<div class=\"premium-clearfix\"><\/div>\r\n\r\n\t\t\t<\/div>\r\n\r\n\t\t<\/div>\r\n\r\n\t\t\t\t\t\t<\/div>\n\t\t<div class=\"elementor-element elementor-element-560e2e1 e-con-full e-flex e-con e-child\" data-id=\"560e2e1\" data-element_type=\"container\" data-e-type=\"container\" data-settings=\"{&quot;animation&quot;:&quot;none&quot;,&quot;background_background&quot;:&quot;classic&quot;}\">\n\t\t\t\t<div class=\"elementor-element elementor-element-6fb0eab elementor-drop-cap-yes elementor-drop-cap-view-stacked elementor-widget__width-inherit elementor-widget elementor-widget-text-editor\" data-id=\"6fb0eab\" data-element_type=\"widget\" data-e-type=\"widget\" data-settings=\"{&quot;drop_cap&quot;:&quot;yes&quot;}\" data-widget_type=\"text-editor.default\">\n\t\t\t\t\t\t\t\t\t<p>En nombre de nuestro cuerpo docente y personal, me gustar\u00eda darles la bienvenida a la Escuela Secundaria Matilda Torres \u2013 \u00a1Hogar de los Toros! La misi\u00f3n de nuestra escuela es ayudar a todos los estudiantes a aprender a altos niveles y garantizar que cada estudiante est\u00e9 preparado tanto para la universidad como para una carrera. Como la escuela secundaria m\u00e1s nueva del Distrito Unificado de Madera, estamos entusiasmados de crear tradiciones que dejen una huella positiva en los corazones, cabezas y manos de todos nuestros estudiantes. Nuestro personal de apertura est\u00e1 compuesto por educadores incre\u00edbles y personal de apoyo que realmente aman a los ni\u00f1os y est\u00e1n emocionados de construir una cultura escolar que honre a la hom\u00f3nima de nuestra escuela (Matilda Torres) y se esfuerza por ser un campus al que los estudiantes esperan asistir todos los d\u00edas.<\/p><p>Como directora de la Escuela Secundaria Torres, mis propias experiencias educativas en el Distrito Unificado de Madera comenzaron hace casi dos d\u00e9cadas. Durante este tiempo, me he desempe\u00f1ado con entusiasmo como maestra, directora de actividades, subdirectora de escuelas primarias y secundarias y directora de 3 escuelas diferentes. Si bien he tenido experiencias incre\u00edbles en todas mis antiguas escuelas, estoy incre\u00edblemente agradecido por la oportunidad de ser parte de la familia Toro. La comunidad de Madera es incre\u00edble y espero poder servirle en este nuevo rol.<\/p><p>Como esposa y madre de tres hijos, s\u00e9 de primera mano que ning\u00fan ni\u00f1o es igual y que todos necesitan amor y apoyo continuo. Como tal, sepan que estoy comprometido a continuar trabajando con nuestros estudiantes, sus familias y nuestra comunidad para desarrollar relaciones y tradiciones que durar\u00e1n toda la vida. Esperamos que nuestro sitio web le resulte una valiosa fuente de informaci\u00f3n para su estudiante y su familia.<\/p><p>En nombre de todo el personal, es un placer darle la bienvenida a \u201cTORO NATION\u201d y espero verlo pronto.<\/p><p>Afectuosamente,<br \/>Sra. Rodr\u00edguez-Menke<\/p>\t\t\t\t\t\t\t\t<\/div>\n\t\t\t\t<div class=\"elementor-element elementor-element-59ef914 elementor-widget-tablet__width-initial elementor-widget__width-initial elementor-widget-mobile__width-inherit elementor-invisible elementor-widget elementor-widget-premium-addon-person\" data-id=\"59ef914\" data-element_type=\"widget\" data-e-type=\"widget\" data-settings=\"{&quot;_animation&quot;:&quot;fadeInLeft&quot;}\" data-widget_type=\"premium-addon-person.default\">\n\t\t\t\t\t\t\t<div class=\"premium-persons-container premium-person-style2\">\r\n\t\t\t\t\t\t<div class=\"premium-person-container premium-person-none-effect\">\r\n\r\n\t\t\t\t<div class=\"premium-person-image-container\">\r\n\t\t\t\t\t\r\n\t\t\t\t\t\t\t\t\t<\/div>\r\n\t\t\t\t<div class=\"premium-person-info\">\r\n\t\t\t\t\t\t\t\t<div class=\"premium-person-info-container\">\r\n\t\t\t\t\t\t\t\t\t<div class=\"premium-person-name\">Sabrina Rodr\u00edguez-Menke<\/div>\t\t\t\t\t\t\t\t\t\t\t<div class=\"premium-person-title\">\r\n\t\t\t\t\t\t\t<span>Directora<\/span>\r\n\t\t\t\t\t\t<\/div>\r\n\t\t\t\t\t\t\t\t\t\t\t<div class=\"premium-person-content\">\r\n\t\t\t\t\t\t\t<p>Mi oficina est\u00e1 en el edificio A.<br \/><strong>(559) 416-5909\u00a0<\/strong>Extensi\u00f3n 43011<br \/><strong><a href=\"mailto:sabrinarodriquez@maderausd.org\" target=\"_blank\" rel=\"noopener\">sabrinarodriquez@maderausd.org<\/a><\/strong><\/p>\t\t\t\t\t\t<\/div>\r\n\t\t\t\t\t\t\t\t<\/div>\r\n\t\t\t\t\t\t\t<\/div>\r\n\t\t\t<\/div>\r\n\t\t\t\t\t\t<\/div>\r\n\t\t\t\t\t\t<\/div>\n\t\t\t\t<\/div>\n\t\t<div class=\"elementor-element elementor-element-d853501 e-con-full e-flex e-con e-child\" data-id=\"d853501\" data-element_type=\"container\" data-e-type=\"container\" data-settings=\"{&quot;background_background&quot;:&quot;classic&quot;}\">\n\t\t\t\t<div class=\"elementor-element elementor-element-254aaf4 elementor-widget__width-inherit elementor-widget-laptop__width-inherit elementor-widget elementor-widget-heading\" data-id=\"254aaf4\" data-element_type=\"widget\" data-e-type=\"widget\" data-widget_type=\"heading.default\">\n\t\t\t\t\t<h2 class=\"elementor-heading-title elementor-size-default\">Tambi\u00e9n puede visitarnos en nuestros sitios de redes sociales en:<\/h2>\t\t\t\t<\/div>\n\t\t<div class=\"elementor-element elementor-element-4ae4143 e-flex e-con-boxed e-con e-child\" data-id=\"4ae4143\" data-element_type=\"container\" data-e-type=\"container\">\n\t\t\t\t\t<div class=\"e-con-inner\">\n\t\t<div class=\"elementor-element elementor-element-91a7499 e-con-full e-flex e-con e-child\" data-id=\"91a7499\" data-element_type=\"container\" data-e-type=\"container\">\n\t\t\t\t<div class=\"elementor-element elementor-element-4e7f891 elementor-widget__width-auto elementor-shape-rounded elementor-grid-0 e-grid-align-center elementor-widget elementor-widget-social-icons\" data-id=\"4e7f891\" data-element_type=\"widget\" data-e-type=\"widget\" data-widget_type=\"social-icons.default\">\n\t\t\t\t\t\t\t<div class=\"elementor-social-icons-wrapper elementor-grid\">\n\t\t\t\t\t\t\t<span class=\"elementor-grid-item\">\n\t\t\t\t\t<a class=\"elementor-icon elementor-social-icon elementor-social-icon-instagram elementor-repeater-item-25557b9\" href=\"https:\/\/www.instagram.com\/toronation\/\" target=\"_blank\">\n\t\t\t\t\t\t<span class=\"elementor-screen-only\">Instagram<\/span>\n\t\t\t\t\t\t<i aria-hidden=\"true\" class=\"fab fa-instagram\"><\/i>\t\t\t\t\t<\/a>\n\t\t\t\t<\/span>\n\t\t\t\t\t<\/div>\n\t\t\t\t\t\t<\/div>\n\t\t\t\t<div class=\"elementor-element elementor-element-f41859a elementor-widget__width-auto elementor-widget elementor-widget-text-editor\" data-id=\"f41859a\" data-element_type=\"widget\" data-e-type=\"widget\" data-widget_type=\"text-editor.default\">\n\t\t\t\t\t\t\t\t\t<p><a href=\"https:\/\/www.instagram.com\/toronation\/\" target=\"_blank\" rel=\"noopener\">@toronaci\u00f3n<\/a><\/p>\t\t\t\t\t\t\t\t<\/div>\n\t\t\t\t<\/div>\n\t\t<div class=\"elementor-element elementor-element-cee4e40 e-con-full e-flex e-con e-child\" data-id=\"cee4e40\" data-element_type=\"container\" data-e-type=\"container\">\n\t\t\t\t<div class=\"elementor-element elementor-element-b1baa9a elementor-widget__width-auto elementor-shape-rounded elementor-grid-0 e-grid-align-center elementor-widget elementor-widget-social-icons\" data-id=\"b1baa9a\" data-element_type=\"widget\" data-e-type=\"widget\" data-widget_type=\"social-icons.default\">\n\t\t\t\t\t\t\t<div class=\"elementor-social-icons-wrapper elementor-grid\">\n\t\t\t\t\t\t\t<span class=\"elementor-grid-item\">\n\t\t\t\t\t<a class=\"elementor-icon elementor-social-icon elementor-social-icon-twitter elementor-repeater-item-43df0ab\" href=\"https:\/\/twitter.com\/thstoronation\" target=\"_blank\">\n\t\t\t\t\t\t<span class=\"elementor-screen-only\">Gorjeo<\/span>\n\t\t\t\t\t\t<i aria-hidden=\"true\" class=\"fab fa-twitter\"><\/i>\t\t\t\t\t<\/a>\n\t\t\t\t<\/span>\n\t\t\t\t\t<\/div>\n\t\t\t\t\t\t<\/div>\n\t\t\t\t<div class=\"elementor-element elementor-element-c60846a elementor-widget__width-auto elementor-widget elementor-widget-text-editor\" data-id=\"c60846a\" data-element_type=\"widget\" data-e-type=\"widget\" data-widget_type=\"text-editor.default\">\n\t\t\t\t\t\t\t\t\t<p><a href=\"https:\/\/twitter.com\/thstoronation\" target=\"_blank\" rel=\"noopener\">@thstoronation<\/a><\/p>\t\t\t\t\t\t\t\t<\/div>\n\t\t\t\t<\/div>\n\t\t<div class=\"elementor-element elementor-element-e3bcb29 e-con-full e-flex e-con e-child\" data-id=\"e3bcb29\" data-element_type=\"container\" data-e-type=\"container\">\n\t\t\t\t<div class=\"elementor-element elementor-element-78b2d6c elementor-widget__width-auto elementor-shape-rounded elementor-grid-0 e-grid-align-center elementor-widget elementor-widget-social-icons\" data-id=\"78b2d6c\" data-element_type=\"widget\" data-e-type=\"widget\" data-widget_type=\"social-icons.default\">\n\t\t\t\t\t\t\t<div class=\"elementor-social-icons-wrapper elementor-grid\">\n\t\t\t\t\t\t\t<span class=\"elementor-grid-item\">\n\t\t\t\t\t<a class=\"elementor-icon elementor-social-icon elementor-social-icon-facebook elementor-repeater-item-a99edce\" href=\"https:\/\/www.facebook.com\/ToroNation\/\" target=\"_blank\">\n\t\t\t\t\t\t<span class=\"elementor-screen-only\">Facebook<\/span>\n\t\t\t\t\t\t<i aria-hidden=\"true\" class=\"fab fa-facebook\"><\/i>\t\t\t\t\t<\/a>\n\t\t\t\t<\/span>\n\t\t\t\t\t<\/div>\n\t\t\t\t\t\t<\/div>\n\t\t\t\t<div class=\"elementor-element elementor-element-d44686c elementor-widget__width-auto elementor-widget elementor-widget-text-editor\" data-id=\"d44686c\" data-element_type=\"widget\" data-e-type=\"widget\" data-widget_type=\"text-editor.default\">\n\t\t\t\t\t\t\t\t\t<p><a href=\"https:\/\/www.facebook.com\/ToroNation\/\" target=\"_blank\" rel=\"noopener\">@ToroNaci\u00f3n<\/a><\/p>\t\t\t\t\t\t\t\t<\/div>\n\t\t\t\t<\/div>\n\t\t\t\t\t<\/div>\n\t\t\t\t<\/div>\n\t\t\t\t<\/div>\n\t\t\t\t<\/div>\n\t\t\t\t\t<\/div>\n\t\t\t\t<\/div>\n\t\t\t\t<\/div>\n\t\t\t\t<\/div>","protected":false},"excerpt":{"rendered":"<p>Principal&#8217;s Message On behalf of our faculty and staff, I would like to welcome you to Matilda Torres High School &#8211; Home of the Toros! It is our school mission [&hellip;]<\/p>\n","protected":false},"author":7,"featured_media":0,"parent":0,"menu_order":19,"comment_status":"closed","ping_status":"closed","template":"elementor_header_footer","meta":{"_price":"","_stock":"","_tribe_ticket_header":"","_tribe_default_ticket_provider":"","_tribe_ticket_capacity":"0","_ticket_start_date":"","_ticket_end_date":"","_tribe_ticket_show_description":"","_tribe_ticket_show_not_going":false,"_tribe_ticket_use_global_stock":"","_tribe_ticket_global_stock_level":"","_global_stock_mode":"","_global_stock_cap":"","_tribe_rsvp_for_event":"","_tribe_ticket_going_count":"","_tribe_ticket_not_going_count":"","_tribe_tickets_list":"[]","_tribe_ticket_has_attendee_info_fields":false,"footnotes":"","_tec_slr_enabled":"","_tec_slr_layout":""},"class_list":["post-12054","page","type-page","status-publish","hentry"],"ticketed":false,"_links":{"self":[{"href":"https:\/\/torres.maderausd.org\/es\/wp-json\/wp\/v2\/pages\/12054","targetHints":{"allow":["GET"]}}],"collection":[{"href":"https:\/\/torres.maderausd.org\/es\/wp-json\/wp\/v2\/pages"}],"about":[{"href":"https:\/\/torres.maderausd.org\/es\/wp-json\/wp\/v2\/types\/page"}],"author":[{"embeddable":true,"href":"https:\/\/torres.maderausd.org\/es\/wp-json\/wp\/v2\/users\/7"}],"replies":[{"embeddable":true,"href":"https:\/\/torres.maderausd.org\/es\/wp-json\/wp\/v2\/comments?post=12054"}],"version-history":[{"count":6,"href":"https:\/\/torres.maderausd.org\/es\/wp-json\/wp\/v2\/pages\/12054\/revisions"}],"predecessor-version":[{"id":18279,"href":"https:\/\/torres.maderausd.org\/es\/wp-json\/wp\/v2\/pages\/12054\/revisions\/18279"}],"wp:attachment":[{"href":"https:\/\/torres.maderausd.org\/es\/wp-json\/wp\/v2\/media?parent=12054"}],"curies":[{"name":"wp","href":"https:\/\/api.w.org\/{rel}","templated":true}]}}