{"id":11997,"date":"2020-06-29T20:03:21","date_gmt":"2020-06-30T03:03:21","guid":{"rendered":"http:\/\/matildatorres.wpengine.com\/?page_id=11997"},"modified":"2026-02-03T10:32:59","modified_gmt":"2026-02-03T18:32:59","slug":"our-administration-staff","status":"publish","type":"page","link":"https:\/\/torres.maderausd.org\/es\/our-administration-staff\/","title":{"rendered":"Nuestra Administraci\u00f3n"},"content":{"rendered":"<div data-elementor-type=\"wp-page\" data-elementor-id=\"11997\" class=\"elementor elementor-11997\" data-elementor-post-type=\"page\">\n\t\t\t\t<div class=\"elementor-element elementor-element-03e8396 e-con-full e-flex e-con e-parent\" data-id=\"03e8396\" data-element_type=\"container\" data-e-type=\"container\" data-settings=\"{&quot;background_background&quot;:&quot;classic&quot;}\">\n\t\t<div class=\"elementor-element elementor-element-7a251ee e-flex e-con-boxed elementor-invisible e-con e-child\" data-id=\"7a251ee\" data-element_type=\"container\" data-e-type=\"container\" data-settings=\"{&quot;background_background&quot;:&quot;classic&quot;,&quot;animation&quot;:&quot;fadeIn&quot;}\">\n\t\t\t\t\t<div class=\"e-con-inner\">\n\t\t<div class=\"elementor-element elementor-element-0ec98e7 e-con-full e-flex e-con e-child\" data-id=\"0ec98e7\" data-element_type=\"container\" data-e-type=\"container\" data-settings=\"{&quot;animation&quot;:&quot;none&quot;}\">\n\t\t\t\t<div class=\"elementor-element elementor-element-0c77f17 elementor-widget__width-inherit elementor-invisible elementor-widget elementor-widget-premium-divider\" data-id=\"0c77f17\" data-element_type=\"widget\" data-e-type=\"widget\" data-settings=\"{&quot;_animation&quot;:&quot;zoomIn&quot;}\" data-widget_type=\"premium-divider.default\">\n\t\t\t\t\t\r\n\t\t<div class=\"premium-bordered-top premium-separator-container premium-separator-solid\" data-settings=\"solid\">\r\n\t\t\t<div class=\"premium-separator-wrapper\">\r\n\t\t\t\t<div class=\"premium-separator-wrapper-separator\">\r\n\t\t\t\t\t<div class=\"premium-separator-wrapper-separator-divider\">\r\n\t\t\t\t\t\t<div class=\"premium-separator-inner\">\r\n\t\t\t\t\t\t\t\r\n\t\t\t\t\t\t\t\t<div class=\"premium-separator-content-wrapper\">\r\n\t\t\t\t\t\t\t\t\t\t\t\t\t\t\t\t\t\t\t<div class=\"premium-separator-divider-left premium-separator-left-side premium-svg-nodraw\">\r\n\t\t\t\t\t\t\t\t\t\t\t\t\t\t\t\t\t\t\t\t\t<\/div>\r\n\t\t\t\t\t\t\t\t\t\r\n\t\t\t\t\t\t\t\t\t\t\t\t\t\t\t\t\t\t\t<div class=\"premium-separator-icon-container\">\r\n\r\n\t\t\t\t\t\t\t\t\t\t\t\t\t\t\t\t\t\t\t\t\t\t\t<div class=\"premium-separator-icon-wrap premium-separator-text-icon\">\r\n\t\t\t\t\t\t\t\t\t\t\t\t\t<h1 class=\"premium-separator-icon-text\">\r\n\t\t\t\t\t\t\t\t\t\t\t\t\t\tMensaje del Directora\t\t\t\t\t\t\t\t\t\t\t\t\t<\/h1>\r\n\r\n\t\t\t\t\t\t\t\t\t\t\t\t<\/div>\r\n\t\t\t\t\t\t\t\t\t\t\t\r\n\t\t\t\t\t\t\t\t\t\t\t\t\t\t\t\t\t\t\t\t\t\t\t<div ><\/div>\r\n\t\t\t\t\t\t\t\t\t\t\t\t\t\t\t\t\t\t\t\t\t<\/div>\r\n\t\t\t\t\t\t\t\t\t\r\n\t\t\t\t\t\t\t\t\t\t\t\t\t\t\t\t\t\t\t<div class=\"premium-separator-divider-right premium-separator-right-side premium-svg-nodraw\">\r\n\t\t\t\t\t\t\t\t\t\t\t\t\t\t\t\t\t\t\t\t\t<\/div>\r\n\t\t\t\t\t\t\t\t\t\t\t\t\t\t\t\t\t<\/div>\r\n\r\n\t\t\t\t\t\t\t\r\n\t\t\t\t\t\t\t<\/div>\r\n\r\n\t\t\t\t\t\t<\/div>\r\n\r\n\t\t\t\t<\/div>\r\n\r\n\t\t\t\t<div class=\"premium-clearfix\"><\/div>\r\n\r\n\t\t\t<\/div>\r\n\r\n\t\t<\/div>\r\n\r\n\t\t\t\t\t\t<\/div>\n\t\t<div class=\"elementor-element elementor-element-c150163 e-con-full e-flex e-con e-child\" data-id=\"c150163\" data-element_type=\"container\" data-e-type=\"container\" data-settings=\"{&quot;animation&quot;:&quot;none&quot;,&quot;background_background&quot;:&quot;classic&quot;}\">\n\t\t\t\t<div class=\"elementor-element elementor-element-eae513b elementor-drop-cap-yes elementor-drop-cap-view-stacked elementor-widget elementor-widget-text-editor\" data-id=\"eae513b\" data-element_type=\"widget\" data-e-type=\"widget\" data-settings=\"{&quot;drop_cap&quot;:&quot;yes&quot;}\" data-widget_type=\"text-editor.default\">\n\t\t\t\t\t\t\t\t\t<p>En nombre de nuestro cuerpo docente y personal, me gustar\u00eda darles la bienvenida a la Escuela Secundaria Matilda Torres \u2013 \u00a1Hogar de los Toros! La misi\u00f3n de nuestra escuela es ayudar a todos los estudiantes a aprender a altos niveles y garantizar que cada estudiante est\u00e9 preparado tanto para la universidad como para una carrera. Como la escuela secundaria m\u00e1s nueva del Distrito Unificado de Madera, estamos entusiasmados de crear tradiciones que dejen una huella positiva en los corazones, cabezas y manos de todos nuestros estudiantes. Nuestro personal de apertura est\u00e1 compuesto por educadores incre\u00edbles y personal de apoyo que realmente aman a los ni\u00f1os y est\u00e1n emocionados de construir una cultura escolar que honre a la hom\u00f3nima de nuestra escuela (Matilda Torres) y se esfuerza por ser un campus al que los estudiantes esperan asistir todos los d\u00edas.<\/p><p>Como directora de la Escuela Secundaria Torres, mis propias experiencias educativas en el Distrito Unificado de Madera comenzaron hace casi dos d\u00e9cadas. Durante este tiempo, me he desempe\u00f1ado con entusiasmo como maestra, directora de actividades, subdirectora de escuelas primarias y secundarias y directora de 3 escuelas diferentes. Si bien he tenido experiencias incre\u00edbles en todas mis antiguas escuelas, estoy incre\u00edblemente agradecido por la oportunidad de ser parte de la familia Toro. La comunidad de Madera es incre\u00edble y espero poder servirle en este nuevo rol.<\/p><p>Como esposa y madre de tres hijos, s\u00e9 de primera mano que ning\u00fan ni\u00f1o es igual y que todos necesitan amor y apoyo continuo. Como tal, sepan que estoy comprometido a continuar trabajando con nuestros estudiantes, sus familias y nuestra comunidad para desarrollar relaciones y tradiciones que durar\u00e1n toda la vida. Esperamos que nuestro sitio web le resulte una valiosa fuente de informaci\u00f3n para su estudiante y su familia.<\/p><p>En nombre de todo el personal, es un placer darle la bienvenida a \u201cTORO NATION\u201d y espero verlo pronto.<\/p><p style=\"text-align: right;\">Afectuosamente,<br \/>Sra. Rodr\u00edguez-Menke<\/p>\t\t\t\t\t\t\t\t<\/div>\n\t\t\t\t<div class=\"elementor-element elementor-element-65df362 elementor-widget-tablet__width-initial elementor-widget__width-initial elementor-widget-mobile__width-inherit elementor-invisible elementor-widget elementor-widget-premium-addon-person\" data-id=\"65df362\" data-element_type=\"widget\" data-e-type=\"widget\" data-settings=\"{&quot;_animation&quot;:&quot;fadeInLeft&quot;}\" data-widget_type=\"premium-addon-person.default\">\n\t\t\t\t\t\t\t<div class=\"premium-persons-container premium-person-style2\">\r\n\t\t\t\t\t\t<div class=\"premium-person-container premium-person-none-effect\">\r\n\r\n\t\t\t\t<div class=\"premium-person-image-container\">\r\n\t\t\t\t\t\r\n\t\t\t\t\t\t\t\t\t<\/div>\r\n\t\t\t\t<div class=\"premium-person-info\">\r\n\t\t\t\t\t\t\t\t<div class=\"premium-person-info-container\">\r\n\t\t\t\t\t\t\t\t\t<div class=\"premium-person-name\">Sabrina Rodr\u00edguez-Menke<\/div>\t\t\t\t\t\t\t\t\t\t\t<div class=\"premium-person-title\">\r\n\t\t\t\t\t\t\t<span>Directora<\/span>\r\n\t\t\t\t\t\t<\/div>\r\n\t\t\t\t\t\t\t\t\t\t\t<div class=\"premium-person-content\">\r\n\t\t\t\t\t\t\t<p>Mi oficina est\u00e1 en el edificio A.<br \/><strong>(559) 416-5909\u00a0<\/strong>Extensi\u00f3n 43011<br \/><strong><a href=\"mailto:sabrinarodriquez@maderausd.org\" target=\"_blank\" rel=\"noopener\">sabrinarodriquez@maderausd.org<\/a><\/strong><\/p>\t\t\t\t\t\t<\/div>\r\n\t\t\t\t\t\t\t\t<\/div>\r\n\t\t\t\t\t\t\t<\/div>\r\n\t\t\t<\/div>\r\n\t\t\t\t\t\t<\/div>\r\n\t\t\t\t\t\t<\/div>\n\t\t\t\t<\/div>\n\t\t\t\t<\/div>\n\t\t\t\t\t<\/div>\n\t\t\t\t<\/div>\n\t\t<div class=\"elementor-element elementor-element-19c9d24 e-flex e-con-boxed e-con e-child\" data-id=\"19c9d24\" data-element_type=\"container\" data-e-type=\"container\" data-settings=\"{&quot;background_background&quot;:&quot;classic&quot;}\">\n\t\t\t\t\t<div class=\"e-con-inner\">\n\t\t\t\t<div class=\"elementor-element elementor-element-a09c407 elementor-widget__width-inherit elementor-invisible elementor-widget elementor-widget-premium-divider\" data-id=\"a09c407\" data-element_type=\"widget\" data-e-type=\"widget\" data-settings=\"{&quot;_animation&quot;:&quot;zoomIn&quot;}\" data-widget_type=\"premium-divider.default\">\n\t\t\t\t\t\r\n\t\t<div class=\"premium-bordered-top premium-separator-container premium-separator-solid\" data-settings=\"solid\">\r\n\t\t\t<div class=\"premium-separator-wrapper\">\r\n\t\t\t\t<div class=\"premium-separator-wrapper-separator\">\r\n\t\t\t\t\t<div class=\"premium-separator-wrapper-separator-divider\">\r\n\t\t\t\t\t\t<div class=\"premium-separator-inner\">\r\n\t\t\t\t\t\t\t\r\n\t\t\t\t\t\t\t\t<div class=\"premium-separator-content-wrapper\">\r\n\t\t\t\t\t\t\t\t\t\t\t\t\t\t\t\t\t\t\t<div class=\"premium-separator-divider-left premium-separator-left-side premium-svg-nodraw\">\r\n\t\t\t\t\t\t\t\t\t\t\t\t\t\t\t\t\t\t\t\t\t<\/div>\r\n\t\t\t\t\t\t\t\t\t\r\n\t\t\t\t\t\t\t\t\t\t\t\t\t\t\t\t\t\t\t<div class=\"premium-separator-icon-container\">\r\n\r\n\t\t\t\t\t\t\t\t\t\t\t\t\t\t\t\t\t\t\t\t\t\t\t<div class=\"premium-separator-icon-wrap premium-separator-text-icon\">\r\n\t\t\t\t\t\t\t\t\t\t\t\t\t<h1 class=\"premium-separator-icon-text\">\r\n\t\t\t\t\t\t\t\t\t\t\t\t\t\tNuestra Administraci\u00f3n\t\t\t\t\t\t\t\t\t\t\t\t\t<\/h1>\r\n\r\n\t\t\t\t\t\t\t\t\t\t\t\t<\/div>\r\n\t\t\t\t\t\t\t\t\t\t\t\r\n\t\t\t\t\t\t\t\t\t\t\t\t\t\t\t\t\t\t\t\t\t\t\t<div ><\/div>\r\n\t\t\t\t\t\t\t\t\t\t\t\t\t\t\t\t\t\t\t\t\t<\/div>\r\n\t\t\t\t\t\t\t\t\t\r\n\t\t\t\t\t\t\t\t\t\t\t\t\t\t\t\t\t\t\t<div class=\"premium-separator-divider-right premium-separator-right-side premium-svg-nodraw\">\r\n\t\t\t\t\t\t\t\t\t\t\t\t\t\t\t\t\t\t\t\t\t<\/div>\r\n\t\t\t\t\t\t\t\t\t\t\t\t\t\t\t\t\t<\/div>\r\n\r\n\t\t\t\t\t\t\t\r\n\t\t\t\t\t\t\t<\/div>\r\n\r\n\t\t\t\t\t\t<\/div>\r\n\r\n\t\t\t\t<\/div>\r\n\r\n\t\t\t\t<div class=\"premium-clearfix\"><\/div>\r\n\r\n\t\t\t<\/div>\r\n\r\n\t\t<\/div>\r\n\r\n\t\t\t\t\t\t<\/div>\n\t\t\t\t<div class=\"elementor-element elementor-element-fb2eae8 elementor-widget__width-initial elementor-widget-tablet__width-initial elementor-widget-mobile__width-inherit elementor-widget-laptop__width-inherit elementor-invisible elementor-widget elementor-widget-premium-addon-person\" data-id=\"fb2eae8\" data-element_type=\"widget\" data-e-type=\"widget\" data-settings=\"{&quot;_animation&quot;:&quot;fadeInUp&quot;,&quot;persons_per_row_tablet&quot;:&quot;33.33%&quot;,&quot;persons_per_row&quot;:&quot;33.33%&quot;,&quot;persons_per_row_mobile&quot;:&quot;100%&quot;}\" data-widget_type=\"premium-addon-person.default\">\n\t\t\t\t\t\t\t<div class=\"premium-persons-container premium-person-style2 multiple-persons\" data-persons-equal=\"\">\r\n\t\t\t\t\t\t\t\t<div class=\"premium-person-container premium-person-zoomin-effect\">\r\n\t\t\t\t\t\t<div class=\"premium-person-image-container\">\r\n\t\t\t\t\t\t\t\t\t\t\t\t\t\t\t\t\t\t\t<\/div>\r\n\t\t\t\t\t\t<div class=\"premium-person-info\">\r\n\t\t\t\t\t\t\t\t\t\t<div class=\"premium-person-info-container\">\r\n\t\t\t\t\t\t\t\t\t<div class=\"premium-person-name\">Hilda Castrellon<\/div>\r\n\t\t\t\t\t\t\t\t\t\t\t<div class=\"premium-person-title\">\r\n\t\t\t\t\t\t\t<span>Decano de Curr\u00edculo e Instrucci\u00f3n <\/span>\r\n\t\t\t\t\t\t<\/div>\r\n\t\t\t\t\t\t\t\t\t\t\t<div class=\"premium-person-content\">\r\n\t\t\t\t\t\t\t<div><strong>Localizaci\u00f3n de la oficina:<\/strong> Un edificio\u00a0<\/div><div><strong>(559) 416-5909<br \/><a href=\"mailto:hildacastrellon@maderausd.org\" target=\"_blank\" rel=\"noopener\">hildacastrellon@maderausd.org<\/a><br \/><\/strong><\/div><div>\u00a0<\/div>\t\t\t\t\t\t<\/div>\r\n\t\t\t\t\t\t\t\t<\/div>\r\n\t\t\t\t\t\t\t\t\t<\/div>\r\n\t\t\t\t\t<\/div>\r\n\t\t\t\t\t\t\t\t\t\t<div class=\"premium-person-container premium-person-zoomin-effect\">\r\n\t\t\t\t\t\t<div class=\"premium-person-image-container\">\r\n\t\t\t\t\t\t\t\t\t\t\t\t\t\t\t\t\t\t\t<\/div>\r\n\t\t\t\t\t\t<div class=\"premium-person-info\">\r\n\t\t\t\t\t\t\t\t\t\t<div class=\"premium-person-info-container\">\r\n\t\t\t\t\t\t\t\t\t<div class=\"premium-person-name\">Ericka Moran<\/div>\r\n\t\t\t\t\t\t\t\t\t\t\t<div class=\"premium-person-title\">\r\n\t\t\t\t\t\t\t<span>Directora<\/span>\r\n\t\t\t\t\t\t<\/div>\r\n\t\t\t\t\t\t\t\t\t\t\t<div class=\"premium-person-content\">\r\n\t\t\t\t\t\t\t<p><strong>10 y 12 grado:<\/strong> A\u2013Z<br \/><strong>Localizaci\u00f3n de la oficina:<\/strong> Un edificio<br \/><strong>(559) 416-5909<\/strong><\/p><p><a href=\"mailto:ERICKAMORAN@maderausd.org\">erickamoran@maderausd.org<\/a><\/p>\t\t\t\t\t\t<\/div>\r\n\t\t\t\t\t\t\t\t<\/div>\r\n\t\t\t\t\t\t\t\t\t<\/div>\r\n\t\t\t\t\t<\/div>\r\n\t\t\t\t\t\t\t\t\t\t<div class=\"premium-person-container premium-person-zoomin-effect\">\r\n\t\t\t\t\t\t<div class=\"premium-person-image-container\">\r\n\t\t\t\t\t\t\t\t\t\t\t\t\t\t\t\t\t\t\t<\/div>\r\n\t\t\t\t\t\t<div class=\"premium-person-info\">\r\n\t\t\t\t\t\t\t\t\t\t<div class=\"premium-person-info-container\">\r\n\t\t\t\t\t\t\t\t\t<div class=\"premium-person-name\">Jacob Mortier<\/div>\r\n\t\t\t\t\t\t\t\t\t\t\t<div class=\"premium-person-title\">\r\n\t\t\t\t\t\t\t<span>Director<\/span>\r\n\t\t\t\t\t\t<\/div>\r\n\t\t\t\t\t\t\t\t\t\t\t<div class=\"premium-person-content\">\r\n\t\t\t\t\t\t\t<p><strong>10 y 12 grado: <\/strong>M-Z<strong><br \/>Localizaci\u00f3n de la oficina:\u00a0<\/strong>B Building<br \/><strong>(559) 416-5909,<\/strong> ext. 43057<br \/><a href=\"mailto:jacobmortier@maderausd.org\" target=\"_blank\" rel=\"noopener\"><strong>jacobmortier@maderausd.org\u00a0<\/strong><\/a><\/p>\t\t\t\t\t\t<\/div>\r\n\t\t\t\t\t\t\t\t<\/div>\r\n\t\t\t\t\t\t\t\t\t<\/div>\r\n\t\t\t\t\t<\/div>\r\n\t\t\t\t\t\t\t\t\t\t<div class=\"premium-person-container premium-person-zoomin-effect\">\r\n\t\t\t\t\t\t<div class=\"premium-person-image-container\">\r\n\t\t\t\t\t\t\t\t\t\t\t\t\t\t\t\t\t\t\t<\/div>\r\n\t\t\t\t\t\t<div class=\"premium-person-info\">\r\n\t\t\t\t\t\t\t\t\t\t<div class=\"premium-person-info-container\">\r\n\t\t\t\t\t\t\t\t\t<div class=\"premium-person-name\">Kelli Spence<\/div>\r\n\t\t\t\t\t\t\t\t\t\t\t<div class=\"premium-person-title\">\r\n\t\t\t\t\t\t\t<span>Directora<\/span>\r\n\t\t\t\t\t\t<\/div>\r\n\t\t\t\t\t\t\t\t\t\t\t<div class=\"premium-person-content\">\r\n\t\t\t\t\t\t\t<p><strong>9 y 11 grado: <\/strong>Alabama<br \/><strong>Localizaci\u00f3n de la oficina:<\/strong> Edificio H<br \/><strong>(559) 416-5909<\/strong><strong><br \/><a href=\"mailto:kellispence@maderausd.org\">kellispence@maderausd.org<\/a><br \/><\/strong><\/p>\t\t\t\t\t\t<\/div>\r\n\t\t\t\t\t\t\t\t<\/div>\r\n\t\t\t\t\t\t\t\t\t<\/div>\r\n\t\t\t\t\t<\/div>\r\n\t\t\t\t\t\t\t\t\t\t<div class=\"premium-person-container premium-person-zoomin-effect\">\r\n\t\t\t\t\t\t<div class=\"premium-person-image-container\">\r\n\t\t\t\t\t\t\t\t\t\t\t\t\t\t\t\t\t\t\t<\/div>\r\n\t\t\t\t\t\t<div class=\"premium-person-info\">\r\n\t\t\t\t\t\t\t\t\t\t<div class=\"premium-person-info-container\">\r\n\t\t\t\t\t\t\t\t\t<div class=\"premium-person-name\">Chris Salone<\/div>\r\n\t\t\t\t\t\t\t\t\t\t\t<div class=\"premium-person-title\">\r\n\t\t\t\t\t\t\t<span>Director<\/span>\r\n\t\t\t\t\t\t<\/div>\r\n\t\t\t\t\t\t\t\t\t\t\t<div class=\"premium-person-content\">\r\n\t\t\t\t\t\t\t<p><strong>9 y 11 grado: <\/strong>MZ\u00a0<br \/><strong>Office Location: H<\/strong>\u00a0Building<br \/><strong>(559) 416-5909<br \/><a href=\"mailto:christophersalone@maderausd.org\">christophersalone@maderausd.org<\/a><br \/><\/strong><\/p>\t\t\t\t\t\t<\/div>\r\n\t\t\t\t\t\t\t\t<\/div>\r\n\t\t\t\t\t\t\t\t\t<\/div>\r\n\t\t\t\t\t<\/div>\r\n\t\t\t\t\t\t\t\t\t\t<div class=\"premium-person-container premium-person-zoomin-effect\">\r\n\t\t\t\t\t\t<div class=\"premium-person-image-container\">\r\n\t\t\t\t\t\t\t\t\t\t\t\t\t\t\t\t\t\t\t<\/div>\r\n\t\t\t\t\t\t<div class=\"premium-person-info\">\r\n\t\t\t\t\t\t\t\t\t\t<div class=\"premium-person-info-container\">\r\n\t\t\t\t\t\t\t\t\t<div class=\"premium-person-name\">Jord\u00e1n Murphy<\/div>\r\n\t\t\t\t\t\t\t\t\t\t\t<div class=\"premium-person-title\">\r\n\t\t\t\t\t\t\t<span>Director de atletismo<\/span>\r\n\t\t\t\t\t\t<\/div>\r\n\t\t\t\t\t\t\t\t\t\t\t<div class=\"premium-person-content\">\r\n\t\t\t\t\t\t\t<p><strong>Localizaci\u00f3n de la oficina:<\/strong> C Building<br \/><strong>(559) 416-5909, <\/strong>ext. 43085<strong><br \/><a href=\"mailto:jordanmurphy@maderausd.org\" target=\"_blank\" rel=\"noopener\">jordanmurphy@maderausd.org<\/a><\/strong><\/p>\t\t\t\t\t\t<\/div>\r\n\t\t\t\t\t\t\t\t<\/div>\r\n\t\t\t\t\t\t\t\t\t<\/div>\r\n\t\t\t\t\t<\/div>\r\n\t\t\t\t\t\t\t\t\t\t<div class=\"premium-person-container premium-person-zoomin-effect\">\r\n\t\t\t\t\t\t<div class=\"premium-person-image-container\">\r\n\t\t\t\t\t\t\t\t\t\t\t\t\t\t\t\t\t\t\t<\/div>\r\n\t\t\t\t\t\t<div class=\"premium-person-info\">\r\n\t\t\t\t\t\t\t\t\t\t<div class=\"premium-person-info-container\">\r\n\t\t\t\t\t\t\t\t\t<div class=\"premium-person-name\">Bryan Speed<\/div>\r\n\t\t\t\t\t\t\t\t\t\t\t<div class=\"premium-person-title\">\r\n\t\t\t\t\t\t\t<span>Directora de Actividades<\/span>\r\n\t\t\t\t\t\t<\/div>\r\n\t\t\t\t\t\t\t\t\t\t\t<div class=\"premium-person-content\">\r\n\t\t\t\t\t\t\t<p><strong>Localizaci\u00f3n de la oficina:<\/strong> C Building<br \/><strong>(559) 416-5909, <\/strong>ext. 43040\u00a0<strong><br \/><a href=\"mailto:bryanspeed@maderausd.org\" target=\"_blank\" rel=\"noopener\">bryanspeed@maderausd.org<\/a><\/strong><\/p>\t\t\t\t\t\t<\/div>\r\n\t\t\t\t\t\t\t\t<\/div>\r\n\t\t\t\t\t\t\t\t\t<\/div>\r\n\t\t\t\t\t<\/div>\r\n\t\t\t\t\t\t\t<\/div>\r\n\t\t\t\t\t\t<\/div>\n\t\t\t\t\t<\/div>\n\t\t\t\t<\/div>\n\t\t\t\t<\/div>\n\t\t\t\t<\/div>","protected":false},"excerpt":{"rendered":"<p>Principal&#8217;s Message On behalf of our faculty and staff, I would like to welcome you to Matilda Torres High School &#8211; Home of the Toros! It is our school mission [&hellip;]<\/p>\n","protected":false},"author":7,"featured_media":0,"parent":0,"menu_order":88,"comment_status":"closed","ping_status":"closed","template":"elementor_header_footer","meta":{"_price":"","_stock":"","_tribe_ticket_header":"","_tribe_default_ticket_provider":"","_tribe_ticket_capacity":"0","_ticket_start_date":"","_ticket_end_date":"","_tribe_ticket_show_description":"","_tribe_ticket_show_not_going":false,"_tribe_ticket_use_global_stock":"","_tribe_ticket_global_stock_level":"","_global_stock_mode":"","_global_stock_cap":"","_tribe_rsvp_for_event":"","_tribe_ticket_going_count":"","_tribe_ticket_not_going_count":"","_tribe_tickets_list":"[]","_tribe_ticket_has_attendee_info_fields":false,"footnotes":"","_tec_slr_enabled":"","_tec_slr_layout":""},"class_list":["post-11997","page","type-page","status-publish","hentry"],"ticketed":false,"_links":{"self":[{"href":"https:\/\/torres.maderausd.org\/es\/wp-json\/wp\/v2\/pages\/11997","targetHints":{"allow":["GET"]}}],"collection":[{"href":"https:\/\/torres.maderausd.org\/es\/wp-json\/wp\/v2\/pages"}],"about":[{"href":"https:\/\/torres.maderausd.org\/es\/wp-json\/wp\/v2\/types\/page"}],"author":[{"embeddable":true,"href":"https:\/\/torres.maderausd.org\/es\/wp-json\/wp\/v2\/users\/7"}],"replies":[{"embeddable":true,"href":"https:\/\/torres.maderausd.org\/es\/wp-json\/wp\/v2\/comments?post=11997"}],"version-history":[{"count":18,"href":"https:\/\/torres.maderausd.org\/es\/wp-json\/wp\/v2\/pages\/11997\/revisions"}],"predecessor-version":[{"id":19475,"href":"https:\/\/torres.maderausd.org\/es\/wp-json\/wp\/v2\/pages\/11997\/revisions\/19475"}],"wp:attachment":[{"href":"https:\/\/torres.maderausd.org\/es\/wp-json\/wp\/v2\/media?parent=11997"}],"curies":[{"name":"wp","href":"https:\/\/api.w.org\/{rel}","templated":true}]}}